{"id":24,"date":"2022-08-05T17:00:32","date_gmt":"2022-08-05T17:00:32","guid":{"rendered":"https:\/\/yor4.aedv.es\/?page_id=24"},"modified":"2026-02-01T19:49:01","modified_gmt":"2026-02-01T19:49:01","slug":"yo-residente-4","status":"publish","type":"page","link":"https:\/\/yor4.aedv.es\/","title":{"rendered":"Yo Residente 4"},"content":{"rendered":"<p>[vc_section full_width=&#8221;stretch_row&#8221; css=&#8221;.vc_custom_1720606807264{background-color: #f1f9fb !important;}&#8221; el_class=&#8221;color-fono&#8221;][vc_row full_width=&#8221;stretch_row&#8221; cth_layout=&#8221;gather_header&#8221; css=&#8221;.vc_custom_1720606853824{padding-top: 4% !important;background-color: #f1f9fb !important;}&#8221;][vc_column][vc_single_image image=&#8221;341&#8243; img_size=&#8221;full&#8221; alignment=&#8221;center&#8221;][\/vc_column][\/vc_row][\/vc_section][vc_section css=&#8221;.vc_custom_1666887648784{padding-top: 2% !important;padding-bottom: 2% !important;background-color: #f5fafd !important;}&#8221; el_id=&#8221;inicio&#8221;][vc_row cth_layout=&#8221;gather_sec&#8221;][vc_column width=&#8221;3\/4&#8243;][vc_column_text]<\/p>\n<p class=\"xxmsonormal\" style=\"text-align: justify;\"><span style=\"color: black;\">Bienvenidos a YoR4 !<\/span><\/p>\n<p class=\"xxmsonormal\" style=\"text-align: justify;\"><span style=\"color: black;\">Los a\u00f1os de formaci\u00f3n como residente son toda una experiencia, tanto en lo profesional como en lo personal. Se adquieren los conocimientos, habilidades y actitudes necesarios para obtener el reconocimiento como M\u00e9dico Especialista en Dermatolog\u00eda y se inician amistades para toda la vida.<\/span><\/p>\n<p class=\"xxmsonormal\" style=\"text-align: justify;\"><span style=\"color: black;\">Cuando se afronta la recta final de estos intensos a\u00f1os, es un momento ideal para reflexionar sobre nuestras fortalezas y debilidades,\u00a0tanto individual como colectivamente, sabiendo que tenemos toda una vida\u00a0profesional por delante, llena de oportunidades para\u00a0mejorar.<\/span><\/p>\n<p class=\"xxmsonormal\" style=\"text-align: justify;\"><span style=\"color: black;\">YoR4! es un evento del Campus Residentes que nace desde la AEDV, como punto de encuentro de los residentes de 4\u00ba a\u00f1o para compartir lo mucho aprendido, afrontar el futuro con ilusi\u00f3n y consolidar amistades. El formato incluye, adem\u00e1s de ponencias de actualidad por referentes de cada tema, una autoevaluaci\u00f3n personal con preguntes test y casos cl\u00ednicos a resolver en equipo, de acuerdo con la nuevas tendencias de <i>gamificaci\u00f3n<\/i>\u00a0del aprendizaje.<\/span><\/p>\n<p class=\"xxmsonormal\" style=\"text-align: justify;\"><span style=\"color: black;\">\u00a1Disfrutadlo!<\/span><\/p>\n<p>[\/vc_column_text][\/vc_column][vc_column width=&#8221;1\/4&#8243;][vc_column_text]<\/p>\n<h3><span style=\"color: #f5fafd;\">_<\/span><\/h3>\n<p>[\/vc_column_text][vc_single_image image=&#8221;84&#8243; img_size=&#8221;large&#8221; style=&#8221;vc_box_shadow&#8221;][vc_column_text]<strong>Dr.\u00a0Vicente Garc\u00eda-Patos Briones<\/strong><br \/>\n<em>Coordinador Cient\u00edfico<\/em>[\/vc_column_text][\/vc_column][\/vc_row][\/vc_section][vc_section css=&#8221;.vc_custom_1666885162366{padding-top: 2% !important;padding-bottom: 2% !important;background-color: #f9f9f9 !important;}&#8221;][vc_row cth_layout=&#8221;gather_sec&#8221;][vc_column width=&#8221;1\/3&#8243;][vc_column_text]<\/p>\n<h5>COORDINADORES CIENT\u00cdFICOS<\/h5>\n<p>[\/vc_column_text][\/vc_column][vc_column width=&#8221;2\/3&#8243;][vc_row_inner][vc_column_inner][vc_column_text]<\/p>\n<ul>\n<li>Dra. Yolanda Gilaberte Calzada, Presidenta de la AEDV y FPS<\/li>\n<li>Dra. Isabel Belinch\u00f3n Romero, Vicepresidenta 1\u00aa de la AEDV y FPS. Vicepresidenta \u00c1rea\u00a0organizativa de Formaci\u00f3n, Investigaci\u00f3n e Innovaci\u00f3n de la AEDV y FPS<\/li>\n<li>Dr. Vicente Garc\u00eda-Patos Briones, Hospital Universitario Vall d\u2019Hebr\u00f3n y Universidad Aut\u00f3noma de Barcelona<\/li>\n<\/ul>\n<p>[\/vc_column_text][\/vc_column_inner][\/vc_row_inner][\/vc_column][\/vc_row][vc_row cth_layout=&#8221;gather_sec&#8221; css=&#8221;.vc_custom_1666884752781{margin-top: 5% !important;}&#8221;][vc_column width=&#8221;1\/3&#8243;][vc_column_text]<\/p>\n<h5>PONENTES<\/h5>\n<p>[\/vc_column_text][\/vc_column][vc_column width=&#8221;2\/3&#8243;][vc_row_inner][vc_column_inner width=&#8221;1\/2&#8243;][vc_column_text]<\/p>\n<ul>\n<li>Dra. Angela Hern\u00e1ndez Mart\u00edn, Hospital Infantil Universitario Ni\u00f1o Jes\u00fas, Madrid<\/li>\n<li>Dr. Xavier Mart\u00ednez G\u00f3mez, Hospital Universitario Vall d\u2019Hebr\u00f3n<\/li>\n<li>Dr. Rafael Salido Vallejo, Cl\u00ednica Universidad de Navarra. Pamplona<\/li>\n<li>Dr. Luis Francisco Santamar\u00eda Babi, Universidad de Barcelona<\/li>\n<\/ul>\n<p>[\/vc_column_text][\/vc_column_inner][vc_column_inner width=&#8221;1\/2&#8243;][vc_column_text]<\/p>\n<ul>\n<li>Dr. V\u00edctor Cabezas Calder\u00f3n, Hospital Vall d\u2019Hebron, Barcelona<\/li>\n<li>Dr. Manuel Ballesteros Redondo, Hospital IMED Valencia<\/li>\n<li>Dra. Alba Crespo Cruz, Global Medical Diretor Medical Dermatology, Pierre Fabre Laboratories, Francia<\/li>\n<li>Dr. Juan Jos\u00e9 Andr\u00e9s Lencina, Hospital de la Vega Baja de Orihuela, Alicante<\/li>\n<\/ul>\n<p>[\/vc_column_text][\/vc_column_inner][\/vc_row_inner][\/vc_column][\/vc_row][vc_row cth_layout=&#8221;gather_sec&#8221; css=&#8221;.vc_custom_1666884752781{margin-top: 5% !important;}&#8221;][vc_column width=&#8221;1\/3&#8243;][vc_column_text]<\/p>\n<h5>COORDINADOR Y JURADO DE LA DIN\u00c1MICA<\/h5>\n<p>[\/vc_column_text][\/vc_column][vc_column width=&#8221;2\/3&#8243;][vc_row_inner][vc_column_inner][vc_column_text]<span style=\"color: #333399;\"><strong>Coordinador<\/strong>:<\/span> <strong>Dr. Vicente Garc\u00eda-Patos Briones<\/strong><\/p>\n<p>[\/vc_column_text][\/vc_column_inner][\/vc_row_inner][vc_row_inner][vc_column_inner][vc_column_text]<\/p>\n<ul>\n<li>Dra. Isabel Belinchon Romero, Hospital G.Universitario Dr. Balmis-ISABIAL, Alicante<\/li>\n<li>Dra. Anna L\u00f3pez Ferrer, Hospital de la Santa Creu i Sant Pau, Barcelona<\/li>\n<li>Dra. Jose Manuel Mascar\u00f3, Hospital Clinic, Barcelona<\/li>\n<\/ul>\n<p>[\/vc_column_text][\/vc_column_inner][\/vc_row_inner][\/vc_column][\/vc_row][\/vc_section][vc_section css=&#8221;.vc_custom_1666891056835{padding-top: 2% !important;padding-bottom: 2% !important;}&#8221; el_id=&#8221;programa&#8221;][vc_row][vc_column][vc_column_text]<\/p>\n<h4 style=\"text-align: center;\">PROGRAMA<\/h4>\n<p>[\/vc_column_text][vc_icon icon_fontawesome=&#8221;fas fa-file-pdf&#8221; color=&#8221;pink&#8221; size=&#8221;lg&#8221; align=&#8221;center&#8221; link=&#8221;url:https%3A%2F%2Faedv.es%2Fwp-content%2Fuploads%2F2025%2F12%2FPROGRAMA-Preliminar_YOR4_2026-.pdf|target:_blank&#8221;][cth_schedules cat_order=&#8221;DESC&#8221;][\/vc_column][\/vc_row][\/vc_section][vc_section css=&#8221;.vc_custom_1666887682423{padding-top: 2% !important;padding-bottom: 2% !important;background-color: #f9f9f9 !important;}&#8221; el_id=&#8221;detalles&#8221;][vc_row cth_layout=&#8221;gather_sec&#8221;][vc_column][vc_column_text]<\/p>\n<h4 style=\"text-align: center;\">DETALLES<\/h4>\n<p>[\/vc_column_text][vc_tta_accordion section_title_tag=&#8221;h3&#8243; style=&#8221;modern&#8221; active_section=&#8221;1&#8243; collapsible_all=&#8221;true&#8221; el_class=&#8221;titulo_acordeon&#8221;][vc_tta_section title=&#8221;Din\u00e1mica&#8221; tab_id=&#8221;dinamica&#8221;][vc_column_text]<\/p>\n<ul>\n<li>Se agrupar\u00e1 a los asistentes en equipos de 6\/8 personas aprox.<\/li>\n<li>Charlas magistrales con expertos invitados<\/li>\n<li>2 fases por equipos:\n<ul>\n<li>Preguntas (individual)<\/li>\n<li>Casos cl\u00ednicos a resolver (en grupo)<\/li>\n<\/ul>\n<\/li>\n<\/ul>\n<p><strong>Fase 1. Ronda de preguntas test<\/strong>: La primera fase consistir\u00e1 un test de 30 preguntas. La mitad de ellas tendr\u00e1n una imagen (cl\u00ednica, pero puede ser AP, ecograf\u00eda, dermatoscopia\u2026). Se responder\u00e1 individualmente valorando tanto respuestas correctas como el tiempo en responderlas (m\u00e1ximo 25 minutos)<\/p>\n<p>Las preguntas bien respondidas suman puntos individuales y grupales de equipo. Como el resto de fases se punt\u00faa sobre 30 puntos. Una vez resueltas se expondr\u00e1n las respuestas correctas con una breve explicaci\u00f3n r\u00e1pida por parte de los miembros del jurado.<\/p>\n<p><strong>Fase 2. Retos por equipos:<\/strong>\u00a0A cada equipo se asignar\u00e1 de forma aleatoria un\u00a0caso\u00a0que tendr\u00e1 que desarrollar (breve historia, fotos, AP\u2026), planteando diagn\u00f3stico diferencial, exploraciones a realizar y plan de tratamiento. Se dispondr\u00e1 de 8-10 minutos para prepararlo y de 3-5 minutos para exponer cada grupo. A puntuar por los miembros del jurado.<\/p>\n<p>El equipo con mayor puntuaci\u00f3n, as\u00ed como el residente con mayor puntuaci\u00f3n global, conseguir\u00e1n el siguiente el premio de \u201c<strong>Inscripci\u00f3n al Congreso Nacional AEDV 2026\u201d <\/strong>por parte de la AEDV. El jurado valorar\u00e1 el trabajo realizado en equipo y de manera individual.[\/vc_column_text][\/vc_tta_section][vc_tta_section title=&#8221;Inscripciones&#8221; tab_id=&#8221;inscripciones&#8221;][vc_column_text]Rellena <a href=\"https:\/\/registro.aedv.es\/curso-yor4\/\" target=\"_blank\" rel=\"noopener\">el siguiente formulario de registro<\/a>.<\/p>\n<p>La matr\u00edcula incluye viaje, alojamiento y gastos de restauraci\u00f3n.<\/p>\n<p>El certificado de asistencia se entregar\u00e1 in situ el d\u00eda del curso. En caso de necesitarlo con antelaci\u00f3n para justificar la asistencia en su centro de trabajo, h\u00e1ganoslo saber para enviarlo v\u00eda email.[\/vc_column_text][\/vc_tta_section][vc_tta_section title=&#8221;Informaci\u00f3n General&#8221; tab_id=&#8221;informacion-general&#8221;][vc_column_text]<\/p>\n<ul>\n<li><strong>Organiza:<\/strong>\u00a0AEDV y Fundaci\u00f3n Piel Sana de la AEDV<\/li>\n<li><strong>Dirigido: <\/strong>\u00a0Curso dirigido a R4<\/li>\n<li><strong>Fechas: <\/strong>13 de febrero de 2026<\/li>\n<li><strong>Sede: <\/strong>Crowne Plaza Madrid &#8211; Centre Retiro. <a href=\"https:\/\/www.google.com\/maps\/place\/data=!4m2!3m1!1s0xd4226026f361355:0x8acfecb6850cf07b?sa=X&amp;ved=1t:8290&amp;ictx=111\" data-auth=\"NotApplicable\" data-url=\"\/maps\/place\/\/data=!4m2!3m1!1s0xd4226026f361355:0x8acfecb6850cf07b?sa=X&amp;ved=2ahUKEwiGvveRtY2HAxWNV6QEHckeAvAQ4kB6BAgEEAA\">C. del Pez Volador, 1, Retiro, 28007 Madrid<\/a><\/li>\n<li><strong>Objetivo: <\/strong>Punto de encuentro anual de los residentes de 4\u00ba a\u00f1o para compartir todo lo aprendido en su residencia.<\/li>\n<li><strong>Din\u00e1mica:<\/strong>\u00a0Formato presencial. An\u00e1lisis y exposici\u00f3n de casos cl\u00ednicos con sistema de televotaci\u00f3n, gamificaci\u00f3n y batallas entre equipos.<\/li>\n<li><strong>Premio:<\/strong>\u00a0Se premiar\u00e1 al <strong>equipo ganador<\/strong>\u00a0y al que de <strong>forma individual obtenga mayor puntuaci\u00f3n<\/strong>.<\/li>\n<li><strong>Otros datos: <\/strong>La organizaci\u00f3n<strong>,<\/strong>\u00a0cubrir\u00e1 los gastos de desplazamiento, comidas y alojamiento de los residentes en habitaci\u00f3n doble compartida, excepto en casos justificados.<\/li>\n<li><strong>Contacto AEDV: <\/strong> Tamara Oca\u00f1a &#8211; <a href=\"mailto:tamara.ocana@equipo.aedv.es\">tamara.ocana@equipo.aedv.es<\/a><\/li>\n<\/ul>\n<p>[\/vc_column_text][\/vc_tta_section][\/vc_tta_accordion][\/vc_column][\/vc_row][\/vc_section][vc_section css=&#8221;.vc_custom_1666964706558{padding-top: 2% !important;padding-bottom: 2% !important;background-color: #fcfcfc !important;}&#8221; el_id=&#8221;sede&#8221;][vc_row cth_layout=&#8221;gather_sec&#8221;][vc_column][vc_column_text]<\/p>\n<h4>SEDE DEL CURSO<\/h4>\n<p>[\/vc_column_text][vc_column_text]<strong>Crowne Plaza Madrid \u2013 Centre Retiro<\/strong><\/p>\n<p>Calle del Pez Volador, 1, Retiro, 28007 Madrid[\/vc_column_text][\/vc_column][\/vc_row][vc_row cth_layout=&#8221;gather_sec&#8221;][vc_column width=&#8221;1\/3&#8243;][vc_single_image image=&#8221;274&#8243; img_size=&#8221;full&#8221; style=&#8221;vc_box_shadow&#8221;][\/vc_column][vc_column width=&#8221;2\/3&#8243;][vc_column_text]<br \/>\n<iframe loading=\"lazy\" style=\"border: 0;\" src=\"https:\/\/www.google.com\/maps\/embed?pb=!1m18!1m12!1m3!1d6075.622107768381!2d-3.6717979244288106!3d40.41303635586488!2m3!1f0!2f0!3f0!3m2!1i1024!2i768!4f13.1!3m3!1m2!1s0xd4226026f361355%3A0x8acfecb6850cf07b!2sCrowne%20Plaza%20Madrid%20-%20Centre%20Retiro%2C%20an%20IHG%20Hotel!5e0!3m2!1ses!2ses!4v1720607317847!5m2!1ses!2ses\" width=\"100%\" height=\"269px\" allowfullscreen=\"allowfullscreen\"><\/iframe>[\/vc_column_text][\/vc_column][\/vc_row][\/vc_section][vc_section css=&#8221;.vc_custom_1666887695032{padding-top: 2% !important;}&#8221; el_id=&#8221;patrocinador&#8221;][vc_row gap=&#8221;10&#8243; cth_layout=&#8221;gather_sec&#8221;][vc_column][vc_column_text]<\/p>\n<h4 style=\"text-align: center;\">ORGANIZADORES<\/h4>\n<p>[\/vc_column_text][vc_row_inner][vc_column_inner width=&#8221;1\/2&#8243;][vc_single_image image=&#8221;129&#8243; img_size=&#8221;medium&#8221; alignment=&#8221;center&#8221;][\/vc_column_inner][vc_column_inner width=&#8221;1\/2&#8243;][vc_single_image image=&#8221;131&#8243; img_size=&#8221;medium&#8221; alignment=&#8221;center&#8221;][\/vc_column_inner][\/vc_row_inner][vc_separator style=&#8221;shadow&#8221; border_width=&#8221;3&#8243; css=&#8221;.vc_custom_1726154052478{margin-top: 2% !important;margin-bottom: 4% !important;}&#8221;][\/vc_column][\/vc_row][\/vc_section][vc_section css=&#8221;.vc_custom_1766003777033{padding-top: 2% !important;}&#8221; el_id=&#8221;contacto&#8221;][vc_row cth_layout=&#8221;gather_sec&#8221; css=&#8221;.vc_custom_1726154142239{margin-top: 2% !important;}&#8221;][vc_column width=&#8221;1\/2&#8243;][vc_column_text]<\/p>\n<h5><strong>SECRETAR\u00cdA CIENT\u00cdFICO- T\u00c9CNICA AEDV<\/strong><\/h5>\n<p><strong>Academia Espa\u00f1ola de Dermatolog\u00eda y Venereolog\u00eda<\/strong><br \/>\nC\/ Ferraz, 100 1\u00ba izq \u2022 Madrid<br \/>\n+34 603 93 95 97<br \/>\nTamara Oca\u00f1a &#8211; <a href=\"mailto:tamara.ocana@equipo.aedv.es\">tamara.ocana@equipo.aedv.es<\/a>[\/vc_column_text][\/vc_column][vc_column width=&#8221;1\/2&#8243;][vc_column_text]<\/p>\n<h5><strong>VIAJES Y ALOJAMIENTO<\/strong><\/h5>\n<p><strong>Viajes El Corte Ingl\u00e9s<\/strong><br \/>\n+34 91 330 07 57<br \/>\nElena Anglada &#8211; <a href=\"mailto:aedv@viajeseci.es\">aedv@viajeseci.es<\/a>[\/vc_column_text][\/vc_column][\/vc_row][\/vc_section]<\/p>\n","protected":false},"excerpt":{"rendered":"<p>[vc_section full_width=&#8221;stretch_row&#8221; css=&#8221;.vc_custom_1720606807264{background-color: #f1f9fb !important;}&#8221; el_class=&#8221;color-fono&#8221;][vc_row full_width=&#8221;stretch_row&#8221; cth_layout=&#8221;gather_header&#8221; css=&#8221;.vc_custom_1720606853824{padding-top: 4% !important;background-color: #f1f9fb !important;}&#8221;][vc_column][vc_single_image image=&#8221;341&#8243; img_size=&#8221;full&#8221; alignment=&#8221;center&#8221;][\/vc_column][\/vc_row][\/vc_section][vc_section css=&#8221;.vc_custom_1666887648784{padding-top: 2% !important;padding-bottom: 2% !important;background-color: #f5fafd !important;}&#8221; el_id=&#8221;inicio&#8221;][vc_row cth_layout=&#8221;gather_sec&#8221;][vc_column width=&#8221;3\/4&#8243;][vc_column_text] Bienvenidos a YoR4 ! Los a\u00f1os de formaci\u00f3n como residente son toda una experiencia, tanto en lo profesional como en lo personal. Se adquieren los conocimientos, habilidades y actitudes&#8230;<\/p>\n","protected":false},"author":1,"featured_media":0,"parent":0,"menu_order":0,"comment_status":"closed","ping_status":"closed","template":"homepage-onepage.php","meta":{"footnotes":""},"class_list":["post-24","page","type-page","status-publish","hentry"],"_links":{"self":[{"href":"https:\/\/yor4.aedv.es\/index.php\/wp-json\/wp\/v2\/pages\/24","targetHints":{"allow":["GET"]}}],"collection":[{"href":"https:\/\/yor4.aedv.es\/index.php\/wp-json\/wp\/v2\/pages"}],"about":[{"href":"https:\/\/yor4.aedv.es\/index.php\/wp-json\/wp\/v2\/types\/page"}],"author":[{"embeddable":true,"href":"https:\/\/yor4.aedv.es\/index.php\/wp-json\/wp\/v2\/users\/1"}],"replies":[{"embeddable":true,"href":"https:\/\/yor4.aedv.es\/index.php\/wp-json\/wp\/v2\/comments?post=24"}],"version-history":[{"count":186,"href":"https:\/\/yor4.aedv.es\/index.php\/wp-json\/wp\/v2\/pages\/24\/revisions"}],"predecessor-version":[{"id":342,"href":"https:\/\/yor4.aedv.es\/index.php\/wp-json\/wp\/v2\/pages\/24\/revisions\/342"}],"wp:attachment":[{"href":"https:\/\/yor4.aedv.es\/index.php\/wp-json\/wp\/v2\/media?parent=24"}],"curies":[{"name":"wp","href":"https:\/\/api.w.org\/{rel}","templated":true}]}}