{"id":59,"date":"2022-08-09T17:57:03","date_gmt":"2022-08-09T17:57:03","guid":{"rendered":"https:\/\/yor4.aedv.es\/?page_id=59"},"modified":"2022-08-09T18:19:25","modified_gmt":"2022-08-09T18:19:25","slug":"politica-de-privacidad","status":"publish","type":"page","link":"https:\/\/yor4.aedv.es\/index.php\/politica-de-privacidad\/","title":{"rendered":"Pol\u00edtica de privacidad"},"content":{"rendered":"<p>[vc_row cth_layout=&#8221;gather_sec&#8221;][vc_column][vc_column_text]<\/p>\n<h1>POL\u00cdTICA DE PRIVACIDAD<\/h1>\n<p>[\/vc_column_text][vc_column_text]<\/p>\n<h3>Informaci\u00f3n adicional sobre nuestra pol\u00edtica de protecci\u00f3n de datos<\/h3>\n<h4>\u00bfQui\u00e9n es el responsable del tratamiento de sus datos?<\/h4>\n<p>Identidad: ACADEMIA ESPA\u00d1OLA DE DERMATOLOGIA Y VENEREOLOGIA<br \/>\nN\u00famero de documento: G78025236<br \/>\nDirecci\u00f3n postal: Calle FERRAZ, 100, 1\u00ba IZQ, CP 28008 Madrid<br \/>\nTel\u00e9fono: 915446284<br \/>\nEmail: secretaria@aedv.es<\/p>\n<h4>\u00bfCon qu\u00e9 finalidad tratamos sus datos personales?<\/h4>\n<p>Cumplir con el deber de informaci\u00f3n y\/o obtenci\u00f3n de consentimientos requeridos por la nueva normativa europea de protecci\u00f3n de datos de car\u00e1cter personal, o cualquier otra obligaci\u00f3n legalmente establecida.<br \/>\nGestionar las consultas, peticiones de informaci\u00f3n, presupuestos, solicitudes, dando respuesta y contestaci\u00f3n a las mismas.<br \/>\nGestionar la propia prestaci\u00f3n de servicios, pedidos o productos relacionados con nuestra actividad mercantil y econ\u00f3mica.<br \/>\nEn el caso de que nos remita su curriculum o se inscriba en las diferentes ofertas de trabajo que podamos publicar, trataremos sus datos con el fin de valorar y gestionar su solicitud de empleo y en su caso, llevar a cabo las actuaciones necesarias para la selecci\u00f3n y contrataci\u00f3n de personal, a fin de ofrecer puestos que se ajusten a tu perfil. Salvo que se indique lo contrario, la aportaci\u00f3n de los datos requeridos es necesaria, por lo que su no aportaci\u00f3n impedir\u00e1 la continuidad del proceso de selecci\u00f3n.<br \/>\nS\u00f3lo en el caso de que usted lo haya consentido expresamente de forma previa, tambi\u00e9n trataremos sus datos para el env\u00edo de comunicaciones comerciales de nuestros productos o servicios, salvo que usted manifieste su voluntad en contra por cualquier medio. En cualquier caso, la autorizaci\u00f3n para tratar sus datos con este fin es voluntaria y su negativa s\u00f3lo tendr\u00eda como consecuencia el hecho de que usted no recibir\u00eda ofertas comerciales de nuestros productos o servicios.<\/p>\n<h4>\u00bfDurante cu\u00e1nto tiempo trataremos sus datos?<\/h4>\n<p>Los datos personales que nos proporcione ser\u00e1n conservados mientras se mantenga la relaci\u00f3n contractual \/ mercantil vigente, o bien durante un plazo de cuatro a\u00f1os a partir de la \u00faltima relaci\u00f3n negocial siguiendo la normativa a efectos fiscales.<br \/>\nNo obstante, s\u00f3lo en el caso de que nos hayas dado el consentimiento para comunicaciones comerciales, nuestra entidad seguir\u00e1 conservando su informaci\u00f3n para el env\u00edo de dichas comunicaciones de car\u00e1cter comercial que consideremos sea de su inter\u00e9s, mientras no se solicite su supresi\u00f3n por el interesado. Posteriormente, los datos ser\u00e1n suprimidos conforme a lo dispuesto en la normativa de protecci\u00f3n de datos lo que implica su bloqueo, estando disponibles tan solo a solicitud de Jueces y tribunales, el Ministerio Fiscal o las Administraciones P\u00fablicas competentes durante el plazo de prescripci\u00f3n de las acciones que pudieran derivar y, transcurrido \u00e9ste, su completa eliminaci\u00f3n. Siempre podr\u00e1 ejercitar los derechos que le reconoce la normativa vigente poni\u00e9ndose en contacto a trav\u00e9s de la v\u00eda que le sea m\u00e1s c\u00f3moda.<\/p>\n<h4>\u00bfPor qu\u00e9 tratamos sus datos?<\/h4>\n<p>La base legal para tratar sus datos personales puede variar seg\u00fan las finalidades anteriores, entre las que se encuentran:<\/p>\n<p>1.La aplicaci\u00f3n de medidas precontractuales, o la propia relaci\u00f3n contractual para la prestaci\u00f3n del servicio solicitado en base a la ejecuci\u00f3n del contrato de servicios necesario para la realizaci\u00f3n de la operaci\u00f3n negocial.<br \/>\n2.Su consentimiento expreso como propio y principal interesado, para por ejemplo posibles comunicaciones comerciales o para la recogida y tratamiento de curr\u00edculum en posibles procesos de selecci\u00f3n de la entidad.<br \/>\n3.Inter\u00e9s leg\u00edtimo de la entidad para atender a los requerimientos de informaci\u00f3n, fidelizaci\u00f3n de clientes, resoluci\u00f3n de consultas y mejorar la calidad de nuestros productos y servicios para atenderle de manera m\u00e1s personalizada.<\/p>\n<h4>\u00bfA qu\u00e9 destinatarios se comunicar\u00e1n sus datos?<\/h4>\n<p>Por regla general no se comunicar\u00e1n sus datos a ning\u00fan tercero, salvo obligaciones legales vigentes. En todo caso que cambie esta posibilidad se le informar\u00e1 debidamente solicitando su consentimiento para dicha cesi\u00f3n. Le informamos que tampoco se realizar\u00e1n transferencias internacionales.<br \/>\nNo obstante, le informamos que para la correcta prestaci\u00f3n de los servicios (v\u00e9ase, alojamiento web, soporte, email marketing, etc.), distintos prestadores de servicios contratados por nuestra entidad (encargados del tratamiento) podr\u00edan tener acceso a la informaci\u00f3n personal necesaria para realizar sus funciones y con el \u00fanico objetivo de garantizar el correcto desarrollo de la relaci\u00f3n contractual y\/o comercial y dar cumplimiento a obligaciones legales de la entidad.<br \/>\nEstos servicios prestados por terceros son necesarios para el desarrollo de nuestra actividad y, en todo momento, el tratamiento de los datos que lleven a cabo se rige por un contrato que vincula al encargado respecto a nuestra entidad. En ning\u00fan caso utilizar\u00e1n la informaci\u00f3n para otros fines y la tratar\u00e1n de conformidad con las directrices estipuladas por nuestra entidad, acordes a su pol\u00edtica de privacidad y a la normativa vigente en materia de protecci\u00f3n de datos.<br \/>\nNuestra entidad en su compromiso con la privacidad y protecci\u00f3n de datos del usuario elegir\u00e1 \u00fanicamente prestadores de servicio que ofrezcan las garant\u00edas suficientes para aplicar medidas t\u00e9cnicas y organizativas apropiadas, de manera que el tratamiento sea conforme la legislaci\u00f3n aplicable en materia de protecci\u00f3n de datos y garanticen la protecci\u00f3n de los derechos del Usuario.<\/p>\n<h4>\u00bfCu\u00e1les son sus derechos cuando nos facilita sus datos?<\/h4>\n<p>Cualquier persona tiene derecho a obtener confirmaci\u00f3n sobre si estamos tratando datos personales que les conciernan o no. En este sentido, usted tiene derecho a solicitar:<\/p>\n<ul>\n<li>Acceso: el interesado tendr\u00e1 derecho a obtener del responsable del tratamiento confirmaci\u00f3n de si se est\u00e1n tratando o no los datos que le conciernan, as\u00ed como informaci\u00f3n detallada acerca de determinados aspectos del tratamiento que se est\u00e9 llevando a cabo.<\/li>\n<li>Rectificaci\u00f3n: el interesado tendr\u00e1 derecho a obtener la rectificaci\u00f3n de los datos personales inexactos que le concierne o que se completen aquellos que fueran incompletos.<\/li>\n<li>Supresi\u00f3n: el interesado tendr\u00e1 derecho a solicitar la supresi\u00f3n de sus datos personales, en todo caso la supresi\u00f3n estar\u00e1 sujeta a los l\u00edmites establecidos en la norma reguladora.<\/li>\n<li>Limitaci\u00f3n de su tratamiento: el interesado tendr\u00e1 derecho a solicitar la limitaci\u00f3n respecto al tratamiento de sus datos de car\u00e1cter personal<\/li>\n<li>Oposici\u00f3n al tratamiento: en determinadas circunstancias y por motivos relacionados con su situaci\u00f3n particular, los interesados podr\u00e1n oponerse al tratamiento de sus datos. La entidad dejar\u00e1 de tratar los datos, salvo por motivos leg\u00edtimos, imperiosos, o el ejercicio o la defensa de posibles reclamaciones.<\/li>\n<li>Derecho a la portabilidad de sus datos: es decir, tendr\u00e1 derecho a recibir los datos personales que le incumban, que haya facilitado a un responsable del tratamiento, en un formato estructurado, de uso com\u00fan y lectura mec\u00e1nica y a transmitirlos a otro responsable del tratamiento.<\/li>\n<li>Podr\u00e1 ejercer los referidos derechos, dirigi\u00e9ndose al responsable. Para ello, puede utilizar los datos de contacto facilitados al inicio del presente documento. Si desea obtener informaci\u00f3n adicional respecto al ejercicio de sus derechos, tambi\u00e9n puede dirigirse a la Agencia Espa\u00f1ola de Protecci\u00f3n de Datos.<\/li>\n<li>Asimismo, le informamos que si lo cree oportuno tiene el derecho a retirar, en cualquier momento el consentimiento otorgado para alguna finalidad espec\u00edfica, sin que ello afecte a la licitud del tratamiento, basado en el consentimiento previo a su retirada. En caso de que entendiera que no se han atendido adecuadamente sus derechos, podr\u00e1 presentar una reclamaci\u00f3n ante la Agencia Espa\u00f1ola de Protecci\u00f3n de Datos. C\/ Jorge Juan, 6. 28001 \u2013 Madrid. www.agpd.es.<\/li>\n<\/ul>\n<p>[\/vc_column_text][vc_btn title=&#8221;Volver&#8221; color=&#8221;peacoc&#8221; align=&#8221;center&#8221; link=&#8221;url:https%3A%2F%2Fyor4.aedv.es%2F|title:Yo%20Residente%204&#8243;][\/vc_column][\/vc_row]<\/p>\n","protected":false},"excerpt":{"rendered":"<p>[vc_row cth_layout=&#8221;gather_sec&#8221;][vc_column][vc_column_text] POL\u00cdTICA DE PRIVACIDAD [\/vc_column_text][vc_column_text] Informaci\u00f3n adicional sobre nuestra pol\u00edtica de protecci\u00f3n de datos \u00bfQui\u00e9n es el responsable del tratamiento de sus datos? Identidad: ACADEMIA ESPA\u00d1OLA DE DERMATOLOGIA Y VENEREOLOGIA N\u00famero de documento: G78025236 Direcci\u00f3n postal: Calle FERRAZ, 100, 1\u00ba IZQ, CP 28008 Madrid Tel\u00e9fono: 915446284 Email: secretaria@aedv.es \u00bfCon qu\u00e9 finalidad tratamos sus datos&#8230;<\/p>\n","protected":false},"author":1,"featured_media":0,"parent":0,"menu_order":0,"comment_status":"closed","ping_status":"closed","template":"homepage-nonav.php","meta":{"footnotes":""},"class_list":["post-59","page","type-page","status-publish","hentry"],"_links":{"self":[{"href":"https:\/\/yor4.aedv.es\/index.php\/wp-json\/wp\/v2\/pages\/59","targetHints":{"allow":["GET"]}}],"collection":[{"href":"https:\/\/yor4.aedv.es\/index.php\/wp-json\/wp\/v2\/pages"}],"about":[{"href":"https:\/\/yor4.aedv.es\/index.php\/wp-json\/wp\/v2\/types\/page"}],"author":[{"embeddable":true,"href":"https:\/\/yor4.aedv.es\/index.php\/wp-json\/wp\/v2\/users\/1"}],"replies":[{"embeddable":true,"href":"https:\/\/yor4.aedv.es\/index.php\/wp-json\/wp\/v2\/comments?post=59"}],"version-history":[{"count":2,"href":"https:\/\/yor4.aedv.es\/index.php\/wp-json\/wp\/v2\/pages\/59\/revisions"}],"predecessor-version":[{"id":72,"href":"https:\/\/yor4.aedv.es\/index.php\/wp-json\/wp\/v2\/pages\/59\/revisions\/72"}],"wp:attachment":[{"href":"https:\/\/yor4.aedv.es\/index.php\/wp-json\/wp\/v2\/media?parent=59"}],"curies":[{"name":"wp","href":"https:\/\/api.w.org\/{rel}","templated":true}]}}