{"id":63,"date":"2022-08-09T18:01:27","date_gmt":"2022-08-09T18:01:27","guid":{"rendered":"https:\/\/yor4.aedv.es\/?page_id=63"},"modified":"2022-08-09T18:20:50","modified_gmt":"2022-08-09T18:20:50","slug":"aviso-legal","status":"publish","type":"page","link":"https:\/\/yor4.aedv.es\/index.php\/aviso-legal\/","title":{"rendered":"Aviso Legal"},"content":{"rendered":"<p>[vc_row cth_layout=&#8221;gather_sec&#8221;][vc_column][vc_column_text]<\/p>\n<h1>AVISO LEGAL<\/h1>\n<p>[\/vc_column_text][vc_column_text]<strong>INTRODUCCIO\u0301N:<\/strong><\/p>\n<p>El presente documento tiene como finalidad el establecer y regular las normas de uso de este portal web , entendiendo por e\u0301ste todas las pa\u0301ginas y sus contenidos propiedad de ACADEMIA ESPAN\u0303OLA DE DERMATOLOG\u00cdA Y VENEREOLOG\u00cdA a las cuales se accede a trave\u0301s del dominio.<br \/>\nLa utilizacio\u0301n del portal web atribuye la condicio\u0301n de usuario del mismo e implica la aceptacio\u0301n de todas las condiciones incluidas en el presente Aviso Legal. El usuario se compromete a leer atentamente el presente Aviso Legal en cada una de las ocasiones en que se proponga utilizar nuestro portal web ya que e\u0301ste y sus condiciones de uso recogidas en el presente Aviso Legal pueden sufrir modificaciones.<\/p>\n<p><strong>RESPONSABILIDAD:<\/strong><\/p>\n<p><em>Parte p\u00fablica<\/em>\u00a0del sitio web aedv.es est\u00e1 dirigido mayoritariamente a profesionales de la salud, la informaci\u00f3n m\u00e9dica visible en su \u00e1rea p\u00fablica es de libre acceso para cualquier usuario. Por ello, queremos aclarar que el uso de estos contenidos por parte de la poblaci\u00f3n no reemplaza en ning\u00fan momento la relaci\u00f3n entre el m\u00e9dico y el paciente. Para obtener informaci\u00f3n espec\u00edfica sobre un caso concreto, consulta siempre a tu m\u00e9dico.<\/p>\n<p><em>Parte privada<\/em>\u00a0del sitio web miportal.aedv.es est\u00e1 exclusivamente dirigido a profesionales de la salud.<\/p>\n<p>Los contenidos del apartado de noticias est\u00e1n generados desde la propia AEDV. Colaborador m\u00e9dico de la p\u00e1gina web: Dr. Sergio Va\u00f1\u00f3 Galvan (n\u00ba colegiado 282859895. Colegio Madrid ICOMEM).<\/p>\n<p><strong>DATOS IDENTIFICATIVOS:<\/strong><\/p>\n<p>En cumplimiento con el deber de informacio\u0301n recogido en arti\u0301culo 10 de la Ley 34\/2002, de 11 de julio, de Servicios de la Sociedad de la Informacio\u0301n y del Comercio Electro\u0301nico, a continuacio\u0301n se reflejan los siguientes datos:<br \/>\nEl titular del presente Sitio es:<br \/>\nACADEMIA ESPAN\u0303OLA DE DERMATOLOG\u00cdA Y VENEREOLOG\u00cdA<\/p>\n<p>Inscrita en la Secci\u00f3n 1\u00aa del Registro Nacional de Asociaciones con el n\u00famero: 3.141 y CIF: G-78025236<\/p>\n<p>Domicilio: Calle FERRAZ, 100, 1o IZQ, CP 28008 Madrid<br \/>\nTele\u0301fono: 915446284<br \/>\nFax: 915494145<\/p>\n<p>Correo electro\u0301nico: secretaria@aedv.es<\/p>\n<p>Nombre del dominio: https:\/\/aedv.es\/<\/p>\n<p><strong>USUARIOS:<\/strong><\/p>\n<p>El acceso y\/o uso de este portal web atribuye la condicio\u0301n de USUARIO, que acepta, desde dicho acceso y\/o uso, las Condiciones Generales de Uso aqui\u0301 reflejadas. Las citadas Condiciones sera\u0301n de aplicacio\u0301n independientemente de las Condiciones Generales de Contratacio\u0301n que en su caso resulten de obligado cumplimiento.<\/p>\n<p><strong>USO DEL PORTAL:<\/strong><\/p>\n<p>proporciona el acceso a diversas informaciones en relacio\u0301n a sus servicios, productos, informacio\u0301n de nuestra entidad, apartados de contacto, hiperenlaces a redes sociales, (en adelante, \u201clos contenidos\u201d) pertenecientes a ACADEMIA ESPAN\u0303OLA DE DERMATOLOGIA Y VENEREOLOGIA.<br \/>\nEl usuario asume la responsabilidad del uso del portal. Dicha responsabilidad se extiende al registro o recogida de datos que fuese necesaria para acceder a determinados servicios. En dicho registro el usuario sera\u0301 responsable de aportar informacio\u0301n veraz y li\u0301cita.<\/p>\n<p><strong>PROPIEDAD INTELECTUAL E INDUSTRIAL:<\/strong><\/p>\n<p>ACADEMIA ESPAN\u0303OLA DE DERMATOLOGIA Y VENEREOLOGIA por si\u0301 o como cesionaria, es titular de todos los derechos de propiedad intelectual e industrial de su pa\u0301gina web, asi\u0301 como de los elementos contenidos en la misma (a ti\u0301tulo enunciativo, ima\u0301genes, sonido, audio, vi\u0301deo, software o textos; marcas o logotipos, combinaciones de colores, estructura y disen\u0303o, seleccio\u0301n de materiales usados, programas de ordenador necesarios para su funcionamiento, acceso y uso, etc.), titularidad de ACADEMIA ESPAN\u0303OLA DE DERMATOLOGIA Y VENEREOLOGIA todos los derechos reservados. En virtud de lo dispuesto en los arti\u0301culos 8 y 32.1, pa\u0301rrafo segundo, de la Ley de Propiedad Intelectual, quedan<br \/>\nexpresamente prohibidas la reproduccio\u0301n, la distribucio\u0301n y la comunicacio\u0301n pu\u0301blica, incluida su modalidad de puesta a disposicio\u0301n, de la totalidad o parte de los contenidos de esta pa\u0301gina web, con fines comerciales, en cualquier soporte y por cualquier medio te\u0301cnico, sin la autorizacio\u0301n de ACADEMIA ESPAN\u0303OLA DE DERMATOLOGIA Y VENEREOLOGIA . El usuario se compromete a respetar los derechos de Propiedad Intelectual e Industrial titularidad de ACADEMIA ESPAN\u0303OLA DE DERMATOLOGIA Y VENEREOLOGIA . La utilizacio\u0301n no autorizada de la informacio\u0301n contenida en este Sitio, asi\u0301 como los perjuicios ocasionados en los derechos de propiedad intelectual e industrial de ACADEMIA ESPAN\u0303OLA DE DERMATOLOG\u00cdA Y VENEREOLOG\u00cdA pueden dar lugar al ejercicio de las acciones que legalmente correspondan y, si procede, a las responsabilidades que de dicho ejercicio se deriven.<\/p>\n<p><strong>EXCLUSIO\u0301N DE GARANTI\u0301AS Y RESPONSABILIDAD:<\/strong><\/p>\n<p>ACADEMIA ESPAN\u0303OLA DE DERMATOLOG\u00cdA Y VENEREOLOG\u00cdA no se hace responsable, en ningu\u0301n caso, de los dan\u0303os y perjuicios de cualquier naturaleza que pudieran ocasionar, a ti\u0301tulo enunciativo: errores u omisiones en los contenidos, falta de disponibilidad del portal o la transmisio\u0301n de virus o programas maliciosos o lesivos en los contenidos, a pesar de haber adoptado todas las medidas tecnolo\u0301gicas necesarias para evitarlo.<br \/>\nEl contenido, informacio\u0301n y\/o consejos expresados en este portal web deben entenderse como simplemente orientativos. ACADEMIA ESPAN\u0303OLA DE DERMATOLOG\u00cdA Y VENEREOLOG\u00cdA no responde de ninguna forma de la efectividad o exactitud de los mismos, quedando exenta de cualquier responsabilidad con los usuarios que haga uso de ellos, ya que son e\u0301stas las que debera\u0301n decidir segu\u0301n su criterio la oportunidad de los mismos. En este Sitio se pueden publicar contenidos y comentarios aportados por terceras personas. ACADEMIA ESPAN\u0303OLA DE DERMATOLOG\u00cdA Y VENEREOLOG\u00cdA no responde de la veracidad y exactitud de los mismos, quedando exenta de cualquier responsabilidad con los usuarios que hagan uso de ellos.<br \/>\nACADEMIA ESPAN\u0303OLA DE DERMATOLOG\u00cdA Y VENEREOLOG\u00cdA se reserva el derecho de modificar el contenido del Sitio sin previo aviso y sin ningu\u0301n tipo de limitacio\u0301n. Asi\u0301 mismo la empresa declina cualquier responsabilidad por los eventuales dan\u0303os y perjuicios que puedan ocasionarse por la falta de disponibilidad y\/o continuidad de este Sitio y de los servicios que se ofrecen en e\u0301l. Asi\u0301 mismo, tampoco podemos garantizar la ausencia de virus ni de otros elementos en la Web que puedan producir alteraciones en su sistema informa\u0301tico .<br \/>\nACADEMIA ESPAN\u0303OLA DE DERMATOLOG\u00cdA Y VENEREOLOG\u00cdA declina cualquier responsabilidad por los servicios y\/o informacio\u0301n que se preste en otros sitios enlazados con este, ya que no controla ni ejerce ningu\u0301n tipo de supervisio\u0301n en Sitios Webs de terceros. Aconsejamos a los usuarios de los mismos a actuar con prudencia y consultar las eventuales condiciones legales que se expongan en dichas Webs. Asi\u0301 mismo los Usuarios que remitan cualquier tipo de informacio\u0301n a ACADEMIA ESPAN\u0303OLA DE DERMATOLOG\u00cdA Y VENEREOLOG\u00cdA se comprometen a que la misma sea veraz y que no vulnere cualquier derecho de terceros ni la legalidad vigente.<br \/>\nSi ud. cree que cualquier contenido y\/o informacio\u0301n de este Sitio vulnera un derecho legi\u0301timo o la legalidad vigente le agradeceri\u0301amos que se pusiera en contacto con ACADEMIA ESPAN\u0303OLA DE DERMATOLOG\u00cdA Y VENEREOLOG\u00cdA para que podamos tomar las medidas oportunas.<\/p>\n<p><strong>ADQUISICI\u00d3N Y PAGO DE SERVICIOS Y PRODUCTOS:<\/strong><\/p>\n<p><strong>Adquisici\u00f3n:<\/strong><\/p>\n<p>Es requisito imprescindible para realizar la compra de cualquiera de los productos o servicios ofertados en la web, que el cliente sea mayor de 18 a\u00f1os y proporcione a trav\u00e9s del formulario dispuesto durante el proceso de compra, todos los datos requeridos e identificados como obligatorios.<\/p>\n<p><strong>Cancelaci\u00f3n:\u00a0<\/strong><\/p>\n<p>Se devolver\u00e1 el\u00a0<b>100% del importe<\/b>\u00a0de la inscripci\u00f3n si el participante comunica su baja de la Reuni\u00f3n\u00a0<b>antes de los 15 d\u00edas naturales<\/b>\u00a0previos al inicio del mismo (se contar\u00e1 la fecha de recepci\u00f3n).<\/p>\n<p>Se devolver\u00e1 el\u00a0<b>50% del importe<\/b>\u00a0de la inscripci\u00f3n si el participante comunica su baja de la Reuni\u00f3n\u00a0<b>entre los d\u00edas naturales 14 al 8<\/b>\u00a0previos al inicio del mismo (se contar\u00e1 la fecha de recepci\u00f3n).<\/p>\n<p>El participante\u00a0<b>no tendr\u00e1 derecho a devoluci\u00f3n<\/b>\u00a0del importe de la inscripci\u00f3n si comunica la baja de la Reuni\u00f3n\u00a0<b>dentro de los 7 d\u00edas naturales previos<\/b>\u00a0al inicio del mismo.<\/p>\n<p><strong>Pago:<\/strong><\/p>\n<p>El acceso a cada uno de los productos y servicios ofertados requiere el pago previo vigente en el momento de formalizaci\u00f3n de la compra, as\u00ed como de la aceptaci\u00f3n de los t\u00e9rminos y condiciones en caso de existir.<\/p>\n<p>Las modalidades de pago podr\u00e1n ser las siguientes seg\u00fan libre disposici\u00f3n del cliente en cada momento: pago mediante tarjeta de cr\u00e9dito o d\u00e9bito, o pago por transferencia.<\/p>\n<ul>\n<li>Pago mediante tarjeta de cr\u00e9dito o d\u00e9bito:<\/li>\n<\/ul>\n<p>El abono de los productos y\/o servicios se podr\u00e1 realizar mediante tarjeta de cr\u00e9dito o d\u00e9bito, a trav\u00e9s de pasarela de pago provista por terceros a\u00a0ACADEMIA ESPA\u00d1OLA DE DERMATOLOGIA Y VENEREOLOGIA en cada momento. Se realizar\u00e1 en un \u00fanico plazo y en el mismo acto.<\/p>\n<p>En caso de existir comisi\u00f3n alguna por la utilizaci\u00f3n de dicha pasarela de pago, esta ser\u00e1 abonada por el cliente en todo caso. Si la tarjeta de pago fuese denegada, se cancelar\u00e1 la compra y se informar\u00e1 de ello al cliente. Si se desease realizar el pago con tarjetas emitidas fuera de Espa\u00f1a, el banco emisor debe estar adherido al Protocolo de Seguridad de Comercio Electr\u00f3nico Seguro (CES); en otro caso, no se aceptar\u00e1 el pago.<\/p>\n<p>En cualquier caso, el pago con tarjeta se efectuar\u00e1 a trav\u00e9s de una pasarela de pago de comercio electr\u00f3nico segura. Los datos viajar\u00e1n encriptados a trav\u00e9s de un protocolo de seguridad.\u00a0ACADEMIA ESPA\u00d1OLA DE DERMATOLOGIA Y VENEREOLOGIA no almacena, gestiona o dispone en ning\u00fan caso de los datos bancarios aportados por el cliente. Estos datos se introducen en el entono de la pasarela de pago existente en cada momento, quedando exenta\u00a0ACADEMIA ESPA\u00d1OLA DE DERMATOLOGIA Y VENEREOLOGIA de cualquier responsabilidad sobre estos.<\/p>\n<ul>\n<li>Pago por transferencia:<\/li>\n<\/ul>\n<p>Para realizar el pago mediante transferencia se realizar\u00e1 un pago a favor de ACADEMIA ESPA\u00d1OLA DE DERMATOLOGIA Y VENEREOLOGIA en la cuenta que se le facilitar\u00e1 en proceso final de la compra.<\/p>\n<p>En el campo \u201cComentarios\u201d deber\u00e1s poner la referencia al n\u00famero de pedido.<\/p>\n<p>Una vez recibido, por parte de nuestro banco, la confirmaci\u00f3n de pago tramitaremos tu pedido y ser\u00e1 notificado mediante correo electr\u00f3nico.<\/p>\n<p><strong>Pol\u00edtica de entrega:<\/strong><\/p>\n<p>Una vez formalizado el proceso de pago usted dispondr\u00e1 del justificante de pago de manera inmediata, dicho justificante podr\u00e1 obtenerlo a trav\u00e9s de un mensaje que recibir\u00e1 en el correo electr\u00f3nico que previamente nos ha facilitado, siendo imprescindible presentarlo el d\u00eda del evento.<\/p>\n<p><strong>MODIFICACIONES:<\/strong><\/p>\n<p>ACADEMIA ESPAN\u0303OLA DE DERMATOLOG\u00cdA Y VENEREOLOG\u00cdA se reserva el derecho de efectuar sin previo aviso las modificaciones que considere oportunas en su portal, pudiendo cambiar, suprimir o an\u0303adir tanto los contenidos y servicios que se presten a trave\u0301s de la misma como la forma en la que e\u0301stos aparezcan presentados o localizados en su portal.<\/p>\n<p><strong>DERECHO DE EXCLUSIO\u0301N:<\/strong><\/p>\n<p>ACADEMIA ESPAN\u0303OLA DE DERMATOLOG\u00cdA Y VENEREOLOG\u00cdA se reserva el derecho a denegar o retirar el acceso a portal y\/o los servicios ofrecidos sin necesidad de preaviso, a instancia propia o de un tercero, a aquellos usuarios que incumplan las presentes Condiciones Generales de Uso.<\/p>\n<p><strong>GENERALIDADES:<\/strong><\/p>\n<p>ACADEMIA ESPAN\u0303OLA DE DERMATOLOGIA Y VENEREOLOG\u00cdA perseguira\u0301 el incumplimiento de las presentes condiciones asi\u0301 como cualquier utilizacio\u0301n indebida de su portal ejerciendo todas las acciones civiles y penales que le puedan corresponder en derecho.<\/p>\n<p><strong>LEGISLACIO\u0301N APLICABLE:<\/strong><\/p>\n<p>El presente Aviso Legal se rige en todos y cada uno de sus extremos por la legislacio\u0301n espan\u0303ola. LEGISLACIO\u0301N APLICABLE Y JURISDICCIO\u0301N:<br \/>\nLa relacio\u0301n entre ACADEMIA ESPAN\u0303OLA DE DERMATOLOG\u00cdA Y VENEREOLOG\u00cdA y el usuario se regira\u0301 por la normativa espan\u0303ola vigente y cualquier controversia se sometera\u0301 a los Juzgados y tribunales de la ciudad de Madrid .[\/vc_column_text][\/vc_column][\/vc_row]<\/p>\n","protected":false},"excerpt":{"rendered":"<p>[vc_row cth_layout=&#8221;gather_sec&#8221;][vc_column][vc_column_text] AVISO LEGAL [\/vc_column_text][vc_column_text]INTRODUCCIO\u0301N: El presente documento tiene como finalidad el establecer y regular las normas de uso de este portal web , entendiendo por e\u0301ste todas las pa\u0301ginas y sus contenidos propiedad de ACADEMIA ESPAN\u0303OLA DE DERMATOLOG\u00cdA Y VENEREOLOG\u00cdA a las cuales se accede a trave\u0301s del dominio. La utilizacio\u0301n del portal web&#8230;<\/p>\n","protected":false},"author":1,"featured_media":0,"parent":0,"menu_order":0,"comment_status":"closed","ping_status":"closed","template":"homepage-nonav.php","meta":{"footnotes":""},"class_list":["post-63","page","type-page","status-publish","hentry"],"_links":{"self":[{"href":"https:\/\/yor4.aedv.es\/index.php\/wp-json\/wp\/v2\/pages\/63","targetHints":{"allow":["GET"]}}],"collection":[{"href":"https:\/\/yor4.aedv.es\/index.php\/wp-json\/wp\/v2\/pages"}],"about":[{"href":"https:\/\/yor4.aedv.es\/index.php\/wp-json\/wp\/v2\/types\/page"}],"author":[{"embeddable":true,"href":"https:\/\/yor4.aedv.es\/index.php\/wp-json\/wp\/v2\/users\/1"}],"replies":[{"embeddable":true,"href":"https:\/\/yor4.aedv.es\/index.php\/wp-json\/wp\/v2\/comments?post=63"}],"version-history":[{"count":2,"href":"https:\/\/yor4.aedv.es\/index.php\/wp-json\/wp\/v2\/pages\/63\/revisions"}],"predecessor-version":[{"id":73,"href":"https:\/\/yor4.aedv.es\/index.php\/wp-json\/wp\/v2\/pages\/63\/revisions\/73"}],"wp:attachment":[{"href":"https:\/\/yor4.aedv.es\/index.php\/wp-json\/wp\/v2\/media?parent=63"}],"curies":[{"name":"wp","href":"https:\/\/api.w.org\/{rel}","templated":true}]}}